{"id":7587,"date":"2025-04-23T18:03:26","date_gmt":"2025-04-23T18:03:26","guid":{"rendered":"https:\/\/espaf-businessschool.com\/?page_id=7587"},"modified":"2026-02-24T10:01:09","modified_gmt":"2026-02-24T10:01:09","slug":"inscription","status":"publish","type":"page","link":"https:\/\/espaf-businessschool.com\/en\/inscription\/","title":{"rendered":"Apply Now"},"content":{"rendered":"\t\t<div data-elementor-type=\"wp-page\" data-elementor-id=\"7587\" class=\"elementor elementor-7587\" data-elementor-post-type=\"page\">\n\t\t\t\t<div class=\"elementor-element elementor-element-57954750 e-flex e-con-boxed e-con e-parent\" data-id=\"57954750\" data-element_type=\"container\" data-settings=\"{&quot;background_background&quot;:&quot;classic&quot;}\">\n\t\t\t\t\t<div class=\"e-con-inner\">\n\t\t\t\t<div class=\"elementor-element elementor-element-4dde4ce0 elementor-widget elementor-widget-heading\" data-id=\"4dde4ce0\" data-element_type=\"widget\" data-widget_type=\"heading.default\">\n\t\t\t\t<div class=\"elementor-widget-container\">\n\t\t\t\t\t<h2 class=\"elementor-heading-title elementor-size-default\">FORMULAIRE D'INSCRIPTION <br> ENTRETIEN D'ADMISSION 2026 \/ 2027<\/h2>\t\t\t\t<\/div>\n\t\t\t\t<\/div>\n\t\t\t\t<div class=\"elementor-element elementor-element-5ba5668b elementor-widget__width-initial elementor-widget elementor-widget-text-editor\" data-id=\"5ba5668b\" data-element_type=\"widget\" data-widget_type=\"text-editor.default\">\n\t\t\t\t<div class=\"elementor-widget-container\">\n\t\t\t\t\t\t\t\t\t<div class=\"sc-b964c8ef-3 eoyvYH tally-block tally-block-text tally-block-ae5f5582-4996-400c-bb1b-500a15998de3\"><div class=\"sc-6991af84-0 jRJRAl tally-text\">Pour faire une demande d\u2019inscription en ligne, veuillez remplir le formulaire suivant\u00a0<\/div><\/div>\t\t\t\t\t\t\t\t<\/div>\n\t\t\t\t<\/div>\n\t\t<div class=\"elementor-element elementor-element-b26e107 e-con-full e-flex e-con e-child\" data-id=\"b26e107\" data-element_type=\"container\">\n\t\t\t\t<div class=\"elementor-element elementor-element-1ea769a elementor-widget__width-initial elementor-widget-laptop__width-initial elementor-widget elementor-widget-text-editor\" data-id=\"1ea769a\" data-element_type=\"widget\" data-widget_type=\"text-editor.default\">\n\t\t\t\t<div class=\"elementor-widget-container\">\n\t\t\t\t\t\t\t\t\t<strong>Un <span style=\"color: #00CFFF\">dipl\u00f4me<\/span>, une <span style=\"color: #00CFFF\">carri\u00e8re<\/span>, une <span style=\"color: #00CFFF\">ouverture sur le monde<\/span>: ESPAF, votre tremplin vers l\u2019avenir.<\/strong>\t\t\t\t\t\t\t\t<\/div>\n\t\t\t\t<\/div>\n\t\t\t\t<div class=\"elementor-element elementor-element-4e5391ff elementor-widget__width-initial elementor-widget elementor-widget-agena-contactform\" data-id=\"4e5391ff\" data-element_type=\"widget\" data-widget_type=\"agena-contactform.default\">\n\t\t\t\t<div class=\"elementor-widget-container\">\n\t\t\t\t\t\n<div class=\"wpcf7 no-js\" id=\"wpcf7-f7485-o1\" lang=\"en-US\" dir=\"ltr\" data-wpcf7-id=\"7485\">\n<div class=\"screen-reader-response\"><p role=\"status\" aria-live=\"polite\" aria-atomic=\"true\"><\/p> <ul><\/ul><\/div>\n<form action=\"\/en\/wp-json\/wp\/v2\/pages\/7587#wpcf7-f7485-o1\" method=\"post\" class=\"wpcf7-form init\" aria-label=\"Contact form\" novalidate=\"novalidate\" data-status=\"init\">\n<fieldset class=\"hidden-fields-container\"><input type=\"hidden\" name=\"_wpcf7\" value=\"7485\" \/><input type=\"hidden\" name=\"_wpcf7_version\" value=\"6.1.4\" \/><input type=\"hidden\" name=\"_wpcf7_locale\" value=\"en_US\" \/><input type=\"hidden\" name=\"_wpcf7_unit_tag\" value=\"wpcf7-f7485-o1\" \/><input type=\"hidden\" name=\"_wpcf7_container_post\" value=\"0\" \/><input type=\"hidden\" name=\"_wpcf7_posted_data_hash\" value=\"\" \/>\n<\/fieldset>\n<style>\n\/* Section Titles *\/\n.form-section-title {\n font-size: 20px;\n font-weight: 700;\n color: #ffffff; \/* white *\/\n margin-top: 20px;\n}\n\n\/* Input, Select & Textarea Styling *\/\ninput[type=\"text\"],\ninput[type=\"email\"],\ninput[type=\"tel\"],\ninput[type=\"date\"],\nselect,\ntextarea {\n background-color: transparent !important;\n border: 1px solid #00CFFF;\n border-radius: 25px;\n padding: 14px 20px;\n font-size: 16px;\n color: #ffffff !important;\n width: 100%;\n box-sizing: border-box;\n}\n\ninput[type=\"text\"]:focus,\ninput[type=\"email\"]:focus,\ninput[type=\"tel\"]:focus,\ninput[type=\"date\"]:focus,\nselect:focus,\ntextarea:focus {\n border: 1px solid #00CFFF;\n color: #ffffff !important;\n}\n\n\/* White placeholder text *\/\ninput::placeholder,\ntextarea::placeholder,\nselect:invalid {\n color: #ffffff !important;\n opacity: 1;\n}\n\n\/* Select field caret styling *\/\nselect {\n color: #ffffff !important;\n border: solid 1px #00CFFF !important;\n}\n\nselect option {\n color: #333 !important;\n}\n\n\/* Checkbox label *\/\n.wpcf7-acceptance label {\n color: #A8A8A8;\n}\n\n\/* Submit button icon spacing *\/\n.submit-btn button i {\n margin-left: 8px;\n}\n\n\/* Success \/ error output *\/\n.wpcf7-response-output {\n border: none;\n color: #46b450;\n font-weight: bolder;\n}\n\n\/* Responsive Row Styling (assumed utility classes) *\/\n.row {\n display: flex;\n flex-wrap: wrap;\n gap: 20px;\n}\n\n.column-50 {\n width: 48%;\n}\n\n.column-100 {\n width: 100%;\n}\n\n@media (max-width: 768px) {\n .column-50 {\n width: 100%;\n }\n}\n\n .wpcf7 select[name=\"diplome-souhaite\"] {\n color: #FFF !important; \n font-weight: bold;\n }\n\n .wpcf7 select[name=\"diplome-souhaite\"] option {\n color: #333333; \/* Color of actual options (e.g., dark grey\/black) *\/\n }\n<\/style>\n<h3 class=\"form-section-title\">Inscription\n<\/h3>\n<div class=\"row\">\n <!-- Nom & Pr\u00e9nom -->\n\t<div class=\"column-50\">\n\t\t<p><span class=\"wpcf7-form-control-wrap\" data-name=\"nom\"><input size=\"40\" maxlength=\"400\" class=\"wpcf7-form-control wpcf7-text wpcf7-validates-as-required\" aria-required=\"true\" aria-invalid=\"false\" placeholder=\"Nom *\" value=\"\" type=\"text\" name=\"nom\" \/><\/span>\n\t\t<\/p>\n\t<\/div>\n\t<div class=\"column-50\">\n\t\t<p><span class=\"wpcf7-form-control-wrap\" data-name=\"prenom\"><input size=\"40\" maxlength=\"400\" class=\"wpcf7-form-control wpcf7-text wpcf7-validates-as-required\" aria-required=\"true\" aria-invalid=\"false\" placeholder=\"Pr\u00e9nom *\" value=\"\" type=\"text\" name=\"prenom\" \/><\/span>\n\t\t<\/p>\n\t<\/div>\n\n <!-- Email & Num\u00e9ro -->\n\t<div class=\"column-50\">\n\t\t<p><span class=\"wpcf7-form-control-wrap\" data-name=\"email\"><input size=\"40\" maxlength=\"400\" class=\"wpcf7-form-control wpcf7-email wpcf7-validates-as-required wpcf7-text wpcf7-validates-as-email\" aria-required=\"true\" aria-invalid=\"false\" placeholder=\"E-mail *\" value=\"\" type=\"email\" name=\"email\" \/><\/span>\n\t\t<\/p>\n\t<\/div>\n\t<div class=\"column-50\">\n\t\t<p><span class=\"wpcf7-form-control-wrap\" data-name=\"telephone\"><input size=\"40\" maxlength=\"400\" class=\"wpcf7-form-control wpcf7-tel wpcf7-validates-as-required wpcf7-text wpcf7-validates-as-tel\" aria-required=\"true\" aria-invalid=\"false\" placeholder=\"Num\u00e9ro de T\u00e9l\u00e9phone *\" value=\"\" type=\"tel\" name=\"telephone\" \/><\/span>\n\t\t<\/p>\n\t<\/div>\n\n <!-- Fili\u00e8re \/ Dipl\u00f4me souhait\u00e9 -->\n\t<div class=\"column-100\">\n\t\t<p><span class=\"wpcf7-form-control-wrap\" data-name=\"diplome-souhaite\"><select class=\"wpcf7-form-control wpcf7-select wpcf7-validates-as-required\" aria-required=\"true\" aria-invalid=\"false\" name=\"diplome-souhaite\"><option value=\"\">Choisissez votre fili\u00e8re *<\/option><option value=\"Licence en Finance-Assurance\">Licence en Finance-Assurance<\/option><option value=\"Master Analyse Financi\u00e8re\">Master Analyse Financi\u00e8re<\/option><option value=\"Licence Actuariat &amp; Assurance\">Licence Actuariat &amp; Assurance<\/option><option value=\"Master Actuariat &amp; Assurance\">Master Actuariat &amp; Assurance<\/option><\/select><\/span>\n\t\t<\/p>\n\t<\/div>\n\n <!-- Politique de confidentialit\u00e9 -->\n\t<div class=\"column-100\">\n\t\t<p><span class=\"wpcf7-form-control-wrap\" data-name=\"rgpd\"><span class=\"wpcf7-form-control wpcf7-acceptance\"><span class=\"wpcf7-list-item\"><label><input type=\"checkbox\" name=\"rgpd\" value=\"1\" aria-invalid=\"false\" \/><span class=\"wpcf7-list-item-label\">J\u2019accepte la politique de confidentialit\u00e9.<\/span><\/label><\/span><\/span><\/span>\n\t\t<\/p>\n\t<\/div>\n\n <!-- Submit -->\n\t<div class=\"submit-btn column-100\">\n\t\t<p><button type=\"submit\"><span>S'inscrire<i class=\"agena-icon-arrow-right\"><\/i><\/span><\/button>\n\t\t<\/p>\n\t<\/div>\n<\/div><div class=\"wpcf7-response-output\" aria-hidden=\"true\"><\/div>\n<\/form>\n<\/div>\n\t\t\t\t<\/div>\n\t\t\t\t<\/div>\n\t\t\t\t<\/div>\n\t\t\t\t\t<\/div>\n\t\t\t\t<\/div>\n\t\t\t\t<\/div>\n\t\t","protected":false},"excerpt":{"rendered":"<p>FORMULAIRE D&rsquo;INSCRIPTION ENTRETIEN D&rsquo;ADMISSION 2026 \/ 2027 Pour faire une demande d\u2019inscription en ligne, veuillez remplir le formulaire suivant\u00a0Un dipl\u00f4me, une carri\u00e8re, une ouverture sur le monde: ESPAF, votre tremplin vers l\u2019avenir. Inscription Choisissez votre fili\u00e8re *Licence en Finance-AssuranceMaster Analyse Financi\u00e8reLicence Actuariat &amp; AssuranceMaster Actuariat &amp; Assurance J\u2019accepte la politique de confidentialit\u00e9. S&rsquo;inscrire<\/p>","protected":false},"author":1,"featured_media":0,"parent":0,"menu_order":0,"comment_status":"closed","ping_status":"closed","template":"","meta":{"footnotes":""},"class_list":["post-7587","page","type-page","status-publish","hentry"],"_links":{"self":[{"href":"https:\/\/espaf-businessschool.com\/en\/wp-json\/wp\/v2\/pages\/7587","targetHints":{"allow":["GET"]}}],"collection":[{"href":"https:\/\/espaf-businessschool.com\/en\/wp-json\/wp\/v2\/pages"}],"about":[{"href":"https:\/\/espaf-businessschool.com\/en\/wp-json\/wp\/v2\/types\/page"}],"author":[{"embeddable":true,"href":"https:\/\/espaf-businessschool.com\/en\/wp-json\/wp\/v2\/users\/1"}],"replies":[{"embeddable":true,"href":"https:\/\/espaf-businessschool.com\/en\/wp-json\/wp\/v2\/comments?post=7587"}],"version-history":[{"count":46,"href":"https:\/\/espaf-businessschool.com\/en\/wp-json\/wp\/v2\/pages\/7587\/revisions"}],"predecessor-version":[{"id":9726,"href":"https:\/\/espaf-businessschool.com\/en\/wp-json\/wp\/v2\/pages\/7587\/revisions\/9726"}],"wp:attachment":[{"href":"https:\/\/espaf-businessschool.com\/en\/wp-json\/wp\/v2\/media?parent=7587"}],"curies":[{"name":"wp","href":"https:\/\/api.w.org\/{rel}","templated":true}]}}