{"id":7978,"date":"2025-05-07T18:45:48","date_gmt":"2025-05-07T18:45:48","guid":{"rendered":"https:\/\/espaf-businessschool.com\/?page_id=7978"},"modified":"2026-04-23T08:44:49","modified_gmt":"2026-04-23T08:44:49","slug":"nos-enseignants","status":"publish","type":"page","link":"https:\/\/espaf-businessschool.com\/en\/nos-enseignants\/","title":{"rendered":"Our Faculty"},"content":{"rendered":"<div data-elementor-type=\"wp-page\" data-elementor-id=\"7978\" class=\"elementor elementor-7978\" data-elementor-post-type=\"page\">\n\t\t\t\t<div class=\"elementor-element elementor-element-6744d42 e-con-full e-flex e-con e-parent\" data-id=\"6744d42\" data-element_type=\"container\" data-settings=\"{&quot;background_background&quot;:&quot;gradient&quot;}\">\n\t\t\t\t<div class=\"elementor-element elementor-element-710a5c5 elementor-widget__width-initial elementor-widget elementor-widget-heading\" data-id=\"710a5c5\" data-element_type=\"widget\" data-widget_type=\"heading.default\">\n\t\t\t\t<div class=\"elementor-widget-container\">\n\t\t\t\t\t<h2 class=\"elementor-heading-title elementor-size-default\">Our Faculty Members and Lecturers<\/h2>\t\t\t\t<\/div>\n\t\t\t\t<\/div>\n\t\t\t\t<div class=\"elementor-element elementor-element-1bb6f01 elementor-widget elementor-widget-text-editor\" data-id=\"1bb6f01\" data-element_type=\"widget\" data-widget_type=\"text-editor.default\">\n\t\t\t\t<div class=\"elementor-widget-container\">\n\t\t\t\t\t\t\t\t\t<p data-start=\"63\" data-end=\"198\">\u00a0<\/p><p data-start=\"63\" data-end=\"198\">\u00a0<\/p><p class=\"\" data-start=\"63\" data-end=\"198\"><strong>ESPAF Business School relies on distinguished faculty members and experienced lecturers to deliver a high-level learning experience.<\/strong><\/p><p data-start=\"63\" data-end=\"198\">\u00a0<\/p><p data-start=\"63\" data-end=\"198\">\u00a0<\/p>\t\t\t\t\t\t\t\t<\/div>\n\t\t\t\t<\/div>\n\t\t\t\t<\/div>\n\t\t<div class=\"elementor-element elementor-element-f0b12da e-grid e-con-boxed e-con e-parent\" data-id=\"f0b12da\" data-element_type=\"container\">\n\t\t\t\t\t<div class=\"e-con-inner\">\n\t\t<div class=\"elementor-element elementor-element-2c4745da e-con-full e-flex e-con e-child\" data-id=\"2c4745da\" data-element_type=\"container\">\n\t\t\t\t<div class=\"elementor-element elementor-element-449ff589 elementor-widget elementor-widget-image\" data-id=\"449ff589\" data-element_type=\"widget\" data-widget_type=\"image.default\">\n\t\t\t\t<div class=\"elementor-widget-container\">\n\t\t\t\t\t\t\t\t\t\t\t\t\t\t\t<img fetchpriority=\"high\" decoding=\"async\" width=\"460\" height=\"400\" src=\"https:\/\/espaf-businessschool.com\/wp-content\/uploads\/2025\/05\/Photo-espaf-site-intervenants-blue.png\" class=\"attachment-large size-large wp-image-7986\" alt=\"\" srcset=\"https:\/\/espaf-businessschool.com\/wp-content\/uploads\/2025\/05\/Photo-espaf-site-intervenants-blue.png 460w, https:\/\/espaf-businessschool.com\/wp-content\/uploads\/2025\/05\/Photo-espaf-site-intervenants-blue-300x261.png 300w\" sizes=\"(max-width: 460px) 100vw, 460px\" \/>\t\t\t\t\t\t\t\t\t\t\t\t\t\t\t<\/div>\n\t\t\t\t<\/div>\n\t\t<div class=\"elementor-element elementor-element-5d586842 e-con-full e-flex e-con e-child\" data-id=\"5d586842\" data-element_type=\"container\">\n\t\t\t\t<div class=\"elementor-element elementor-element-39250cab elementor-widget elementor-widget-heading\" data-id=\"39250cab\" data-element_type=\"widget\" data-widget_type=\"heading.default\">\n\t\t\t\t<div class=\"elementor-widget-container\">\n\t\t\t\t\t<h4 class=\"elementor-heading-title elementor-size-default\">M. Serge Degallaix <\/h4>\t\t\t\t<\/div>\n\t\t\t\t<\/div>\n\t\t\t\t<div class=\"elementor-element elementor-element-49027501 elementor-widget elementor-widget-text-editor\" data-id=\"49027501\" data-element_type=\"widget\" data-widget_type=\"text-editor.default\">\n\t\t\t\t<div class=\"elementor-widget-container\">\n\t\t\t\t\t\t\t\t\t<p>Subject: International Economics<\/p><p>Diplomat and former French Ambassador to Tunisia.<\/p>\t\t\t\t\t\t\t\t<\/div>\n\t\t\t\t<\/div>\n\t\t\t\t<\/div>\n\t\t\t\t<\/div>\n\t\t<div class=\"elementor-element elementor-element-fe0a0f7 e-con-full e-flex e-con e-child\" data-id=\"fe0a0f7\" data-element_type=\"container\">\n\t\t\t\t<div class=\"elementor-element elementor-element-797d25b elementor-widget elementor-widget-image\" data-id=\"797d25b\" data-element_type=\"widget\" data-widget_type=\"image.default\">\n\t\t\t\t<div class=\"elementor-widget-container\">\n\t\t\t\t\t\t\t\t\t\t\t\t\t\t\t<img decoding=\"async\" src=\"https:\/\/espaf-businessschool.com\/wp-content\/uploads\/elementor\/thumbs\/5-ri9hrwdkzyrvyeulwf0eugnmsj6aoymzeohl7k22sg.png\" title=\"5\" alt=\"5\" loading=\"lazy\" \/>\t\t\t\t\t\t\t\t\t\t\t\t\t\t\t<\/div>\n\t\t\t\t<\/div>\n\t\t<div class=\"elementor-element elementor-element-389c887 e-con-full e-flex e-con e-child\" data-id=\"389c887\" data-element_type=\"container\">\n\t\t\t\t<div class=\"elementor-element elementor-element-7bce277 elementor-widget elementor-widget-heading\" data-id=\"7bce277\" data-element_type=\"widget\" data-widget_type=\"heading.default\">\n\t\t\t\t<div class=\"elementor-widget-container\">\n\t\t\t\t\t<h4 class=\"elementor-heading-title elementor-size-default\">Sabrine BEN HADJ AMOR<\/h4>\t\t\t\t<\/div>\n\t\t\t\t<\/div>\n\t\t\t\t<div class=\"elementor-element elementor-element-f5ea9c8 elementor-widget elementor-widget-text-editor\" data-id=\"f5ea9c8\" data-element_type=\"widget\" data-widget_type=\"text-editor.default\">\n\t\t\t\t<div class=\"elementor-widget-container\">\n\t\t\t\t\t\t\t\t\t<p class=\"cvGsUA direction-ltr align-center para-style-body\"><span class=\"a_GcMg font-feature-liga-off font-feature-clig-off font-feature-calt-off text-decoration-none text-strikethrough-none\">Subject :<\/span> <span class=\"a_GcMg font-feature-liga-off font-feature-clig-off font-feature-calt-off text-decoration-none text-strikethrough-none\">Financial Mathematics<\/span><\/p><p class=\"cvGsUA direction-ltr align-center para-style-body\"><span class=\"a_GcMg font-feature-liga-off font-feature-clig-off font-feature-calt-off text-decoration-none text-strikethrough-none\">PhD in Management Sciences, specialization in Finance.<\/span><\/p>\t\t\t\t\t\t\t\t<\/div>\n\t\t\t\t<\/div>\n\t\t\t\t<\/div>\n\t\t\t\t<\/div>\n\t\t<div class=\"elementor-element elementor-element-5383d1d e-con-full e-flex e-con e-child\" data-id=\"5383d1d\" data-element_type=\"container\">\n\t\t\t\t<div class=\"elementor-element elementor-element-3a5d721 elementor-widget elementor-widget-image\" data-id=\"3a5d721\" data-element_type=\"widget\" data-widget_type=\"image.default\">\n\t\t\t\t<div class=\"elementor-widget-container\">\n\t\t\t\t\t\t\t\t\t\t\t\t\t\t\t<img decoding=\"async\" width=\"460\" height=\"400\" src=\"https:\/\/espaf-businessschool.com\/wp-content\/uploads\/2025\/05\/Photo-espaf-site-intervenants-2.1-blue.png\" class=\"attachment-large size-large wp-image-7987\" alt=\"\" srcset=\"https:\/\/espaf-businessschool.com\/wp-content\/uploads\/2025\/05\/Photo-espaf-site-intervenants-2.1-blue.png 460w, https:\/\/espaf-businessschool.com\/wp-content\/uploads\/2025\/05\/Photo-espaf-site-intervenants-2.1-blue-300x261.png 300w\" sizes=\"(max-width: 460px) 100vw, 460px\" \/>\t\t\t\t\t\t\t\t\t\t\t\t\t\t\t<\/div>\n\t\t\t\t<\/div>\n\t\t<div class=\"elementor-element elementor-element-11f044f e-con-full e-flex e-con e-child\" data-id=\"11f044f\" data-element_type=\"container\">\n\t\t\t\t<div class=\"elementor-element elementor-element-224c2e1 elementor-widget elementor-widget-heading\" data-id=\"224c2e1\" data-element_type=\"widget\" data-widget_type=\"heading.default\">\n\t\t\t\t<div class=\"elementor-widget-container\">\n\t\t\t\t\t<h4 class=\"elementor-heading-title elementor-size-default\">M. G\u00e9rard BOUROUBOU\u200b<\/h4>\t\t\t\t<\/div>\n\t\t\t\t<\/div>\n\t\t\t\t<div class=\"elementor-element elementor-element-9178a54 elementor-widget-laptop__width-initial elementor-widget elementor-widget-text-editor\" data-id=\"9178a54\" data-element_type=\"widget\" data-widget_type=\"text-editor.default\">\n\t\t\t\t<div class=\"elementor-widget-container\">\n\t\t\t\t\t\t\t\t\t<p class=\"cvGsUA direction-ltr align-center para-style-body\"><span class=\"a_GcMg font-feature-liga-off font-feature-clig-off font-feature-calt-off text-decoration-none text-strikethrough-none\">Subjects: Derivatives and Risk Management; Financial Engineering; Risk Analysis and Credit Scoring Applications<\/span><\/p><p class=\"cvGsUA direction-ltr align-center para-style-body\"><span class=\"a_GcMg font-feature-liga-off font-feature-clig-off font-feature-calt-off text-decoration-none text-strikethrough-none\">Expert in Human Capital Development.<\/span><\/p>\t\t\t\t\t\t\t\t<\/div>\n\t\t\t\t<\/div>\n\t\t\t\t<\/div>\n\t\t\t\t<\/div>\n\t\t<div class=\"elementor-element elementor-element-a597d6a e-con-full e-flex e-con e-child\" data-id=\"a597d6a\" data-element_type=\"container\">\n\t\t\t\t<div class=\"elementor-element elementor-element-2f59cdd elementor-widget elementor-widget-image\" data-id=\"2f59cdd\" data-element_type=\"widget\" data-widget_type=\"image.default\">\n\t\t\t\t<div class=\"elementor-widget-container\">\n\t\t\t\t\t\t\t\t\t\t\t\t\t\t\t<img decoding=\"async\" width=\"460\" height=\"400\" src=\"https:\/\/espaf-businessschool.com\/wp-content\/uploads\/2025\/05\/Photo-espaf-site-intervenants-3-blue.png\" class=\"attachment-large size-large wp-image-7988\" alt=\"\" srcset=\"https:\/\/espaf-businessschool.com\/wp-content\/uploads\/2025\/05\/Photo-espaf-site-intervenants-3-blue.png 460w, https:\/\/espaf-businessschool.com\/wp-content\/uploads\/2025\/05\/Photo-espaf-site-intervenants-3-blue-300x261.png 300w\" sizes=\"(max-width: 460px) 100vw, 460px\" \/>\t\t\t\t\t\t\t\t\t\t\t\t\t\t\t<\/div>\n\t\t\t\t<\/div>\n\t\t<div class=\"elementor-element elementor-element-6d37a9c e-con-full e-flex e-con e-child\" data-id=\"6d37a9c\" data-element_type=\"container\">\n\t\t\t\t<div class=\"elementor-element elementor-element-81379b8 elementor-widget elementor-widget-heading\" data-id=\"81379b8\" data-element_type=\"widget\" data-widget_type=\"heading.default\">\n\t\t\t\t<div class=\"elementor-widget-container\">\n\t\t\t\t\t<h4 class=\"elementor-heading-title elementor-size-default\">M. Romain GRAU<\/h4>\t\t\t\t<\/div>\n\t\t\t\t<\/div>\n\t\t\t\t<div class=\"elementor-element elementor-element-f3d5443 elementor-widget-laptop__width-initial elementor-widget elementor-widget-text-editor\" data-id=\"f3d5443\" data-element_type=\"widget\" data-widget_type=\"text-editor.default\">\n\t\t\t\t<div class=\"elementor-widget-container\">\n\t\t\t\t\t\t\t\t\t<p class=\"cvGsUA direction-ltr align-center para-style-body\"><span class=\"a_GcMg font-feature-liga-off font-feature-clig-off font-feature-calt-off text-decoration-none text-strikethrough-none\">Subject: International Taxation<\/span><\/p><p class=\"cvGsUA direction-ltr align-center para-style-body\"><span class=\"a_GcMg font-feature-liga-off font-feature-clig-off font-feature-calt-off text-decoration-none text-strikethrough-none\">Avocat et Ancien D\u00e9put\u00e9.<\/span><\/p><p class=\"cvGsUA direction-ltr align-center para-style-body\"><span class=\"a_GcMg font-feature-liga-off font-feature-clig-off font-feature-calt-off text-decoration-none text-strikethrough-none\">Lawyer and former Member of Parliament; former MP for Pyr\u00e9n\u00e9es-Orientales.<\/span><\/p>\t\t\t\t\t\t\t\t<\/div>\n\t\t\t\t<\/div>\n\t\t\t\t<\/div>\n\t\t\t\t<\/div>\n\t\t<div class=\"elementor-element elementor-element-980cf82 e-con-full e-flex e-con e-child\" data-id=\"980cf82\" data-element_type=\"container\">\n\t\t\t\t<div class=\"elementor-element elementor-element-4341136 elementor-widget elementor-widget-image\" data-id=\"4341136\" data-element_type=\"widget\" data-widget_type=\"image.default\">\n\t\t\t\t<div class=\"elementor-widget-container\">\n\t\t\t\t\t\t\t\t\t\t\t\t\t\t\t<img decoding=\"async\" src=\"https:\/\/espaf-businessschool.com\/wp-content\/uploads\/elementor\/thumbs\/6-ri9i154g7bfe4df9xeucd4ot2xm8dtbyoffh3icpls.png\" title=\"6\" alt=\"6\" loading=\"lazy\" \/>\t\t\t\t\t\t\t\t\t\t\t\t\t\t\t<\/div>\n\t\t\t\t<\/div>\n\t\t<div class=\"elementor-element elementor-element-81f0386 e-con-full e-flex e-con e-child\" data-id=\"81f0386\" data-element_type=\"container\">\n\t\t\t\t<div class=\"elementor-element elementor-element-d90636b elementor-widget elementor-widget-heading\" data-id=\"d90636b\" data-element_type=\"widget\" data-widget_type=\"heading.default\">\n\t\t\t\t<div class=\"elementor-widget-container\">\n\t\t\t\t\t<h4 class=\"elementor-heading-title elementor-size-default\">Anis  MATOUSSI<\/h4>\t\t\t\t<\/div>\n\t\t\t\t<\/div>\n\t\t\t\t<div class=\"elementor-element elementor-element-3ca3d4a elementor-widget-laptop__width-initial elementor-widget elementor-widget-text-editor\" data-id=\"3ca3d4a\" data-element_type=\"widget\" data-widget_type=\"text-editor.default\">\n\t\t\t\t<div class=\"elementor-widget-container\">\n\t\t\t\t\t\t\t\t\t<p class=\"cvGsUA direction-ltr align-center para-style-body\"><span class=\"a_GcMg font-feature-liga-off font-feature-clig-off font-feature-calt-off text-decoration-none text-strikethrough-none\">Director of the Institute of Risk and Insurance (IRA) and of the Le Mans School of Actuarial Science, France.<\/span><\/p>\t\t\t\t\t\t\t\t<\/div>\n\t\t\t\t<\/div>\n\t\t\t\t<\/div>\n\t\t\t\t<\/div>\n\t\t<div class=\"elementor-element elementor-element-09e5c8b e-con-full e-flex e-con e-child\" data-id=\"09e5c8b\" data-element_type=\"container\">\n\t\t\t\t<div class=\"elementor-element elementor-element-02b56de elementor-widget elementor-widget-image\" data-id=\"02b56de\" data-element_type=\"widget\" data-widget_type=\"image.default\">\n\t\t\t\t<div class=\"elementor-widget-container\">\n\t\t\t\t\t\t\t\t\t\t\t\t\t\t\t<img loading=\"lazy\" decoding=\"async\" width=\"460\" height=\"400\" src=\"https:\/\/espaf-businessschool.com\/wp-content\/uploads\/2025\/05\/Natalie.jpg\" class=\"attachment-large size-large wp-image-8495\" alt=\"\" srcset=\"https:\/\/espaf-businessschool.com\/wp-content\/uploads\/2025\/05\/Natalie.jpg 460w, https:\/\/espaf-businessschool.com\/wp-content\/uploads\/2025\/05\/Natalie-300x261.jpg 300w\" sizes=\"(max-width: 460px) 100vw, 460px\" \/>\t\t\t\t\t\t\t\t\t\t\t\t\t\t\t<\/div>\n\t\t\t\t<\/div>\n\t\t<div class=\"elementor-element elementor-element-cd1e098 e-con-full e-flex e-con e-child\" data-id=\"cd1e098\" data-element_type=\"container\">\n\t\t\t\t<div class=\"elementor-element elementor-element-974752b elementor-widget elementor-widget-heading\" data-id=\"974752b\" data-element_type=\"widget\" data-widget_type=\"heading.default\">\n\t\t\t\t<div class=\"elementor-widget-container\">\n\t\t\t\t\t<h4 class=\"elementor-heading-title elementor-size-default\">Nathalie Janson<\/h4>\t\t\t\t<\/div>\n\t\t\t\t<\/div>\n\t\t\t\t<div class=\"elementor-element elementor-element-cb7a692 elementor-widget-laptop__width-initial elementor-widget elementor-widget-text-editor\" data-id=\"cb7a692\" data-element_type=\"widget\" data-widget_type=\"text-editor.default\">\n\t\t\t\t<div class=\"elementor-widget-container\">\n\t\t\t\t\t\t\t\t\t<p class=\"cvGsUA direction-ltr align-center para-style-body\"><span class=\"a_GcMg font-feature-liga-off font-feature-clig-off font-feature-calt-off text-decoration-none text-strikethrough-none\">Subject: International Economics<\/span> <span class=\"a_GcMg font-feature-liga-off font-feature-clig-off font-feature-calt-off text-decoration-none text-strikethrough-none\">Economist<\/span><\/p><p class=\"cvGsUA direction-ltr align-center para-style-body\"><span class=\"a_GcMg font-feature-liga-off font-feature-clig-off font-feature-calt-off text-decoration-none text-strikethrough-none\">specializing in international monetary and financial policy<\/span><\/p><p class=\"cvGsUA direction-ltr align-center para-style-body\"><span class=\"a_GcMg font-feature-liga-off font-feature-clig-off font-feature-calt-off text-decoration-none text-strikethrough-none\">Associate Professor at NEOMA Business School.<\/span><\/p>\t\t\t\t\t\t\t\t<\/div>\n\t\t\t\t<\/div>\n\t\t\t\t<\/div>\n\t\t\t\t<\/div>\n\t\t<div class=\"elementor-element elementor-element-50b8733 e-con-full e-flex e-con e-child\" data-id=\"50b8733\" data-element_type=\"container\">\n\t\t\t\t<div class=\"elementor-element elementor-element-ff1e859 elementor-widget elementor-widget-image\" data-id=\"ff1e859\" data-element_type=\"widget\" data-widget_type=\"image.default\">\n\t\t\t\t<div class=\"elementor-widget-container\">\n\t\t\t\t\t\t\t\t\t\t\t\t\t\t\t<img loading=\"lazy\" decoding=\"async\" width=\"460\" height=\"400\" src=\"https:\/\/espaf-businessschool.com\/wp-content\/uploads\/2025\/05\/Photo-espaf-site-intervenants-4-blue.png\" class=\"attachment-large size-large wp-image-7989\" alt=\"\" srcset=\"https:\/\/espaf-businessschool.com\/wp-content\/uploads\/2025\/05\/Photo-espaf-site-intervenants-4-blue.png 460w, https:\/\/espaf-businessschool.com\/wp-content\/uploads\/2025\/05\/Photo-espaf-site-intervenants-4-blue-300x261.png 300w\" sizes=\"(max-width: 460px) 100vw, 460px\" \/>\t\t\t\t\t\t\t\t\t\t\t\t\t\t\t<\/div>\n\t\t\t\t<\/div>\n\t\t<div class=\"elementor-element elementor-element-75b763b e-con-full e-flex e-con e-child\" data-id=\"75b763b\" data-element_type=\"container\">\n\t\t\t\t<div class=\"elementor-element elementor-element-ab68d84 elementor-widget elementor-widget-heading\" data-id=\"ab68d84\" data-element_type=\"widget\" data-widget_type=\"heading.default\">\n\t\t\t\t<div class=\"elementor-widget-container\">\n\t\t\t\t\t<h4 class=\"elementor-heading-title elementor-size-default\">M. Dan CO-MINH<\/h4>\t\t\t\t<\/div>\n\t\t\t\t<\/div>\n\t\t\t\t<div class=\"elementor-element elementor-element-bc2cdac elementor-widget elementor-widget-text-editor\" data-id=\"bc2cdac\" data-element_type=\"widget\" data-widget_type=\"text-editor.default\">\n\t\t\t\t<div class=\"elementor-widget-container\">\n\t\t\t\t\t\t\t\t\t<p class=\"cvGsUA direction-ltr align-center para-style-body\"><span class=\"a_GcMg font-feature-liga-off font-feature-clig-off font-feature-calt-off text-decoration-none text-strikethrough-none\">- Subject: Insurance, Banking, and Actuarial Science<\/span><\/p><p class=\"cvGsUA direction-ltr align-center para-style-body\"><span class=\"a_GcMg font-feature-liga-off font-feature-clig-off font-feature-calt-off text-decoration-none text-strikethrough-none\">Entrepreneur and expert in actuarial science, insurance, and fintech.<\/span><\/p>\t\t\t\t\t\t\t\t<\/div>\n\t\t\t\t<\/div>\n\t\t\t\t<\/div>\n\t\t\t\t<\/div>\n\t\t<div class=\"elementor-element elementor-element-50f6b88 e-con-full e-flex e-con e-child\" data-id=\"50f6b88\" data-element_type=\"container\">\n\t\t\t\t<div class=\"elementor-element elementor-element-828fa14 elementor-widget elementor-widget-image\" data-id=\"828fa14\" data-element_type=\"widget\" data-widget_type=\"image.default\">\n\t\t\t\t<div class=\"elementor-widget-container\">\n\t\t\t\t\t\t\t\t\t\t\t\t\t\t\t<img decoding=\"async\" src=\"https:\/\/espaf-businessschool.com\/wp-content\/uploads\/elementor\/thumbs\/3-ri9ih0mbml5q7ad589vih4h297dedscrj02ovqtcio.png\" title=\"3\" alt=\"3\" loading=\"lazy\" \/>\t\t\t\t\t\t\t\t\t\t\t\t\t\t\t<\/div>\n\t\t\t\t<\/div>\n\t\t<div class=\"elementor-element elementor-element-d5a07ca e-con-full e-flex e-con e-child\" data-id=\"d5a07ca\" data-element_type=\"container\">\n\t\t\t\t<div class=\"elementor-element elementor-element-1f9ba88 elementor-widget elementor-widget-heading\" data-id=\"1f9ba88\" data-element_type=\"widget\" data-widget_type=\"heading.default\">\n\t\t\t\t<div class=\"elementor-widget-container\">\n\t\t\t\t\t<h4 class=\"elementor-heading-title elementor-size-default\">St\u00e9phane  LOISEL<\/h4>\t\t\t\t<\/div>\n\t\t\t\t<\/div>\n\t\t\t\t<div class=\"elementor-element elementor-element-39037e2 elementor-widget-laptop__width-initial elementor-widget elementor-widget-text-editor\" data-id=\"39037e2\" data-element_type=\"widget\" data-widget_type=\"text-editor.default\">\n\t\t\t\t<div class=\"elementor-widget-container\">\n\t\t\t\t\t\t\t\t\t<p class=\"cvGsUA direction-ltr align-center para-style-body\"><span class=\"a_GcMg font-feature-liga-off font-feature-clig-off font-feature-calt-off text-decoration-none text-strikethrough-none\">Professor at Cnam Paris and holder of the Chair in Actuarial Science and Risk Science.<\/span><\/p>\t\t\t\t\t\t\t\t<\/div>\n\t\t\t\t<\/div>\n\t\t\t\t<\/div>\n\t\t\t\t<\/div>\n\t\t<div class=\"elementor-element elementor-element-6b0d9dc e-con-full e-flex e-con e-child\" data-id=\"6b0d9dc\" data-element_type=\"container\">\n\t\t\t\t<div class=\"elementor-element elementor-element-6f42889 elementor-widget elementor-widget-image\" data-id=\"6f42889\" data-element_type=\"widget\" data-widget_type=\"image.default\">\n\t\t\t\t<div class=\"elementor-widget-container\">\n\t\t\t\t\t\t\t\t\t\t\t\t\t\t\t<img decoding=\"async\" src=\"https:\/\/espaf-businessschool.com\/wp-content\/uploads\/elementor\/thumbs\/1-ri9i5x4wxzyv50hf0z72jfa5sg2eifauc2tbx59nz4.png\" title=\"1\" alt=\"1\" loading=\"lazy\" \/>\t\t\t\t\t\t\t\t\t\t\t\t\t\t\t<\/div>\n\t\t\t\t<\/div>\n\t\t<div class=\"elementor-element elementor-element-055c69f e-con-full e-flex e-con e-child\" data-id=\"055c69f\" data-element_type=\"container\">\n\t\t\t\t<div class=\"elementor-element elementor-element-dbfde36 elementor-widget elementor-widget-heading\" data-id=\"dbfde36\" data-element_type=\"widget\" data-widget_type=\"heading.default\">\n\t\t\t\t<div class=\"elementor-widget-container\">\n\t\t\t\t\t<h4 class=\"elementor-heading-title elementor-size-default\">Racem KTATA<\/h4>\t\t\t\t<\/div>\n\t\t\t\t<\/div>\n\t\t\t\t<div class=\"elementor-element elementor-element-34b850f elementor-widget-laptop__width-initial elementor-widget elementor-widget-text-editor\" data-id=\"34b850f\" data-element_type=\"widget\" data-widget_type=\"text-editor.default\">\n\t\t\t\t<div class=\"elementor-widget-container\">\n\t\t\t\t\t\t\t\t\t<p class=\"cvGsUA direction-ltr align-center para-style-body\"><span class=\"a_GcMg font-feature-liga-off font-feature-clig-off font-feature-calt-off text-decoration-none text-strikethrough-none\">Managing Director at NEXTCARE\u00a0<\/span><\/p><p><span class=\"a_GcMg font-feature-liga-off font-feature-clig-off font-feature-calt-off text-decoration-none text-strikethrough-none\">Managing Director at Allianz Partners\u00a0<\/span><\/p><p>President of the Tunisian Association of Actuaries<\/p>\t\t\t\t\t\t\t\t<\/div>\n\t\t\t\t<\/div>\n\t\t\t\t<\/div>\n\t\t\t\t<\/div>\n\t\t<div class=\"elementor-element elementor-element-4076bc1 e-con-full e-flex e-con e-child\" data-id=\"4076bc1\" data-element_type=\"container\">\n\t\t\t\t<div class=\"elementor-element elementor-element-35ee51d elementor-widget elementor-widget-image\" data-id=\"35ee51d\" data-element_type=\"widget\" data-widget_type=\"image.default\">\n\t\t\t\t<div class=\"elementor-widget-container\">\n\t\t\t\t\t\t\t\t\t\t\t\t\t\t\t<img decoding=\"async\" src=\"https:\/\/espaf-businessschool.com\/wp-content\/uploads\/elementor\/thumbs\/4-ri9id99kag0frftr6nd8i2moppwjldff0e4rrwe1eo.png\" title=\"4\" alt=\"4\" loading=\"lazy\" \/>\t\t\t\t\t\t\t\t\t\t\t\t\t\t\t<\/div>\n\t\t\t\t<\/div>\n\t\t<div class=\"elementor-element elementor-element-a493215 e-con-full e-flex e-con e-child\" data-id=\"a493215\" data-element_type=\"container\">\n\t\t\t\t<div class=\"elementor-element elementor-element-68076f8 elementor-widget elementor-widget-heading\" data-id=\"68076f8\" data-element_type=\"widget\" data-widget_type=\"heading.default\">\n\t\t\t\t<div class=\"elementor-widget-container\">\n\t\t\t\t\t<h4 class=\"elementor-heading-title elementor-size-default\">Mondher GHAZALI<\/h4>\t\t\t\t<\/div>\n\t\t\t\t<\/div>\n\t\t\t\t<div class=\"elementor-element elementor-element-851c3c7 elementor-widget-laptop__width-initial elementor-widget elementor-widget-text-editor\" data-id=\"851c3c7\" data-element_type=\"widget\" data-widget_type=\"text-editor.default\">\n\t\t\t\t<div class=\"elementor-widget-container\">\n\t\t\t\t\t\t\t\t\t<p class=\"cvGsUA direction-ltr align-center para-style-body\">Former CEO of TFB and UIB from July 2017 to 2020<\/p>\t\t\t\t\t\t\t\t<\/div>\n\t\t\t\t<\/div>\n\t\t\t\t<\/div>\n\t\t\t\t<\/div>\n\t\t\t\t\t<\/div>\n\t\t\t\t<\/div>\n\t\t\t\t<\/div>","protected":false},"excerpt":{"rendered":"<p>Nos Enseignants &amp; Conf\u00e9renciers \u00a0 \u00a0 ESPAF Business School s\u2019appuie sur un corps professoral d\u2019excellence pour garantir une formation de haut niveau \u00a0 \u00a0 M. Serge Degallaix Mati\u00e8re : \u00c9conomie internationale Dipl\u00f4mate et ancien ambassadeur de France en Tunisie Sabrine BEN HADJ AMOR Mati\u00e8re : math\u00e9matique financi\u00e8re Docteure en sciences de gestion , sp\u00e9cialit\u00e9 finance [&hellip;]<\/p>\n","protected":false},"author":1,"featured_media":0,"parent":0,"menu_order":0,"comment_status":"closed","ping_status":"closed","template":"","meta":{"footnotes":""},"class_list":["post-7978","page","type-page","status-publish","hentry"],"_links":{"self":[{"href":"https:\/\/espaf-businessschool.com\/en\/wp-json\/wp\/v2\/pages\/7978","targetHints":{"allow":["GET"]}}],"collection":[{"href":"https:\/\/espaf-businessschool.com\/en\/wp-json\/wp\/v2\/pages"}],"about":[{"href":"https:\/\/espaf-businessschool.com\/en\/wp-json\/wp\/v2\/types\/page"}],"author":[{"embeddable":true,"href":"https:\/\/espaf-businessschool.com\/en\/wp-json\/wp\/v2\/users\/1"}],"replies":[{"embeddable":true,"href":"https:\/\/espaf-businessschool.com\/en\/wp-json\/wp\/v2\/comments?post=7978"}],"version-history":[{"count":121,"href":"https:\/\/espaf-businessschool.com\/en\/wp-json\/wp\/v2\/pages\/7978\/revisions"}],"predecessor-version":[{"id":10275,"href":"https:\/\/espaf-businessschool.com\/en\/wp-json\/wp\/v2\/pages\/7978\/revisions\/10275"}],"wp:attachment":[{"href":"https:\/\/espaf-businessschool.com\/en\/wp-json\/wp\/v2\/media?parent=7978"}],"curies":[{"name":"wp","href":"https:\/\/api.w.org\/{rel}","templated":true}]}}