{"id":8010,"date":"2025-05-07T19:16:13","date_gmt":"2025-05-07T19:16:13","guid":{"rendered":"https:\/\/espaf-businessschool.com\/?page_id=8010"},"modified":"2026-03-31T11:11:26","modified_gmt":"2026-03-31T11:11:26","slug":"conference-debat-nouveaux-risques-nouveaux-outils","status":"publish","type":"page","link":"https:\/\/espaf-businessschool.com\/en\/conference-debat-nouveaux-risques-nouveaux-outils\/","title":{"rendered":"Conference \u2013 Debate: New Risks, New Tools"},"content":{"rendered":"<div data-elementor-type=\"wp-page\" data-elementor-id=\"8010\" class=\"elementor elementor-8010\" data-elementor-post-type=\"page\">\n\t\t\t\t<div class=\"elementor-element elementor-element-34ab540 e-flex e-con-boxed e-con e-parent\" data-id=\"34ab540\" data-element_type=\"container\">\n\t\t\t\t\t<div class=\"e-con-inner\">\n\t\t\t\t<div class=\"elementor-element elementor-element-f51c0f3 elementor-widget elementor-widget-text-editor\" data-id=\"f51c0f3\" data-element_type=\"widget\" data-widget_type=\"text-editor.default\">\n\t\t\t\t<div class=\"elementor-widget-container\">\n\t\t\t\t\t\t\t\t\t<h1>Conference \u2013 Debate: New Risks, New Tools<\/h1><p><span style=\"font-weight: 400;\">On April 8, 2025, the Kyriad Prestige City Center Hotel in Tunis hosted a key event for the insurance sector titled \u201cNew Risks, New Tools.\u201d\n\nAs global risks continue to grow\u2014ranging from climate change and cyberattacks to geopolitical tensions\u2014insurance professionals gathered to discuss innovative solutions.\n\nThis event provided concrete answers to current challenges through adapted tools and strategies.<\/span><\/p><div style=\"display: flex;\"><img fetchpriority=\"high\" decoding=\"async\" class=\"alignleft wp-image-8016\" src=\"https:\/\/espaf-businessschool.com\/wp-content\/uploads\/2025\/05\/Album-espaf26-240x300.png\" alt=\"\" width=\"370\" height=\"463\" srcset=\"https:\/\/espaf-businessschool.com\/wp-content\/uploads\/2025\/05\/Album-espaf26-240x300.png 240w, https:\/\/espaf-businessschool.com\/wp-content\/uploads\/2025\/05\/Album-espaf26-819x1024.png 819w, https:\/\/espaf-businessschool.com\/wp-content\/uploads\/2025\/05\/Album-espaf26-768x960.png 768w, https:\/\/espaf-businessschool.com\/wp-content\/uploads\/2025\/05\/Album-espaf26.png 1080w\" sizes=\"(max-width: 370px) 100vw, 370px\" \/><img decoding=\"async\" class=\"alignleft wp-image-8059\" src=\"https:\/\/espaf-businessschool.com\/wp-content\/uploads\/2025\/05\/Album-espaf8-240x300.png\" alt=\"\" width=\"370\" height=\"463\" srcset=\"https:\/\/espaf-businessschool.com\/wp-content\/uploads\/2025\/05\/Album-espaf8-240x300.png 240w, https:\/\/espaf-businessschool.com\/wp-content\/uploads\/2025\/05\/Album-espaf8-819x1024.png 819w, https:\/\/espaf-businessschool.com\/wp-content\/uploads\/2025\/05\/Album-espaf8-768x960.png 768w, https:\/\/espaf-businessschool.com\/wp-content\/uploads\/2025\/05\/Album-espaf8.png 1080w\" sizes=\"(max-width: 370px) 100vw, 370px\" \/><\/div><h3><b>Three Key Themes Shaping the Future of Insurance<\/b><\/h3><p><span style=\"font-weight: 400;\">Discussions were structured around three major areas, essential for understanding future risks:<\/span><\/p><ul><li style=\"font-weight: 400;\" aria-level=\"1\"><b>Climate change and its impact on insurance<\/b><\/li><li style=\"font-weight: 400;\" aria-level=\"1\"><b>Cybersecurity, a major challenge for businesses and individuals<\/b><\/li><li style=\"font-weight: 400;\" aria-level=\"1\"><b>Geopolitical and health uncertainties as drivers of global risks<\/b><\/li><\/ul><p><span style=\"font-weight: 400;\">These themes highlighted the scale of challenges facing the insurance industry and the importance of adopting innovative solutions to overcome them.<\/span><\/p><h3><b>Experts at the Heart of the Discussions<\/b><\/h3><p>A panel of high-level speakers provided valuable insights during the conference:<\/p><ul><li aria-level=\"1\">Mr. Serge Degallaix \u2013 Diplomat and International Development Expert, who moderated the discussions<\/li><\/ul><ul><li aria-level=\"1\">Mr. Anis Matoussi \u2013 Director of the Institute of Risk and Insurance and the Actuarial School of Le Mans, presenting new risk analysis models<\/li><li aria-level=\"1\">Mr. St\u00e9phane Loisel \u2013 Professor at CNAM and Chairholder in Actuarial Science and Risk Science, offering an academic perspective<\/li><li aria-level=\"1\">Mr. Rassem Ktata \u2013 President of the Tunisian Actuarial Association and CEO of Nextcare &amp; Allianz Partners, sharing industry experience<\/li><\/ul><p><span style=\"font-weight: 400;\">The event was marked by strong interaction among participants, who exchanged ideas and practical solutions to improve risk management.\n\nDiscussions helped identify concrete action levers for better risk anticipation, particularly through the integration of emerging technologies such as artificial intelligence and blockchain.<\/span><\/p><ul><li style=\"font-weight: 400;\" aria-level=\"1\"><span style=\"font-weight: 400;\">The diversity of perspectives\u2014academic, operational, and institutional\u2014enriched the debate<\/span><\/li><li style=\"font-weight: 400;\" aria-level=\"1\"><span style=\"font-weight: 400;\">Concrete proposals were made to reform and adapt insurance models to current challenges<\/span><\/li><\/ul><p><span style=\"font-weight: 400;\">We warmly thank all speakers, participants, and the organizing team who contributed to the success of this event.\n\nThanks to this conference, new ideas have emerged to better anticipate and manage the risks of tomorrow.<\/span><\/p><p><b>Stay connected<\/b><span style=\"font-weight: 400;\"> : new academic and professional events will soon be announced to continue shaping the future of insurance.<\/span><\/p>\t\t\t\t\t\t\t\t<\/div>\n\t\t\t\t<\/div>\n\t\t\t\t\t<\/div>\n\t\t\t\t<\/div>\n\t\t\t\t<\/div>","protected":false},"excerpt":{"rendered":"<p>Conf\u00e9rence &#8211; d\u00e9bat: nouveaux risques, nouveaux outils Le 08 avril 2025, l\u2019H\u00f4tel Kyriad Prestige City Center \u00e0 Tunis a accueilli un \u00e9v\u00e9nement incontournable pour le secteur de l\u2019assurance, intitul\u00e9 \u00ab\u00a0Nouveaux Risques, Nouveaux Outils\u00a0\u00bb. Alors que les risques mondiaux se multiplient, allant des changements climatiques aux cyberattaques en passant par les tensions g\u00e9opolitiques, les professionnels de [&hellip;]<\/p>\n","protected":false},"author":1,"featured_media":0,"parent":0,"menu_order":0,"comment_status":"closed","ping_status":"closed","template":"","meta":{"footnotes":""},"class_list":["post-8010","page","type-page","status-publish","hentry"],"_links":{"self":[{"href":"https:\/\/espaf-businessschool.com\/en\/wp-json\/wp\/v2\/pages\/8010","targetHints":{"allow":["GET"]}}],"collection":[{"href":"https:\/\/espaf-businessschool.com\/en\/wp-json\/wp\/v2\/pages"}],"about":[{"href":"https:\/\/espaf-businessschool.com\/en\/wp-json\/wp\/v2\/types\/page"}],"author":[{"embeddable":true,"href":"https:\/\/espaf-businessschool.com\/en\/wp-json\/wp\/v2\/users\/1"}],"replies":[{"embeddable":true,"href":"https:\/\/espaf-businessschool.com\/en\/wp-json\/wp\/v2\/comments?post=8010"}],"version-history":[{"count":39,"href":"https:\/\/espaf-businessschool.com\/en\/wp-json\/wp\/v2\/pages\/8010\/revisions"}],"predecessor-version":[{"id":9830,"href":"https:\/\/espaf-businessschool.com\/en\/wp-json\/wp\/v2\/pages\/8010\/revisions\/9830"}],"wp:attachment":[{"href":"https:\/\/espaf-businessschool.com\/en\/wp-json\/wp\/v2\/media?parent=8010"}],"curies":[{"name":"wp","href":"https:\/\/api.w.org\/{rel}","templated":true}]}}