{"id":8178,"date":"2025-05-16T00:34:14","date_gmt":"2025-05-16T00:34:14","guid":{"rendered":"https:\/\/espaf-businessschool.com\/?page_id=8178"},"modified":"2025-06-17T15:06:25","modified_gmt":"2025-06-17T15:06:25","slug":"admission","status":"publish","type":"page","link":"https:\/\/espaf-businessschool.com\/en\/admission\/","title":{"rendered":"Admission"},"content":{"rendered":"\t\t<div data-elementor-type=\"wp-page\" data-elementor-id=\"8178\" class=\"elementor elementor-8178\" data-elementor-post-type=\"page\">\n\t\t\t\t<div class=\"elementor-element elementor-element-ef9d255 e-flex e-con-boxed e-con e-parent\" data-id=\"ef9d255\" data-element_type=\"container\" data-settings=\"{&quot;background_background&quot;:&quot;classic&quot;}\">\n\t\t\t\t\t<div class=\"e-con-inner\">\n\t\t<div class=\"elementor-element elementor-element-96a6b64 e-flex e-con-boxed e-con e-child\" data-id=\"96a6b64\" data-element_type=\"container\">\n\t\t\t\t\t<div class=\"e-con-inner\">\n\t\t\t\t<div class=\"elementor-element elementor-element-e5c1f73 elementor-widget elementor-widget-heading\" data-id=\"e5c1f73\" data-element_type=\"widget\" data-widget_type=\"heading.default\">\n\t\t\t\t<div class=\"elementor-widget-container\">\n\t\t\t\t\t<div class=\"elementor-heading-title elementor-size-default\">C\u2019est le moment de passer \u00e0 l\u2019action !<\/div>\t\t\t\t<\/div>\n\t\t\t\t<\/div>\n\t\t\t\t<div class=\"elementor-element elementor-element-0372d2e elementor-widget__width-initial elementor-widget-mobile__width-initial elementor-widget elementor-widget-heading\" data-id=\"0372d2e\" data-element_type=\"widget\" data-widget_type=\"heading.default\">\n\t\t\t\t<div class=\"elementor-widget-container\">\n\t\t\t\t\t<h1 class=\"elementor-heading-title elementor-size-default\">ESPAF BUSINESS SCHOOL  INT\u00c8GRE L\u2019EXCELLENCE<\/h1>\t\t\t\t<\/div>\n\t\t\t\t<\/div>\n\t\t\t\t<div class=\"elementor-element elementor-element-dc4cde7 elementor-widget elementor-widget-text-editor\" data-id=\"dc4cde7\" data-element_type=\"widget\" data-widget_type=\"text-editor.default\">\n\t\t\t\t<div class=\"elementor-widget-container\">\n\t\t\t\t\t\t\t\t\t<p>Tu veux rejoindre une \u00e9cole tourn\u00e9e vers l\u2019avenir, l\u2019entrepreneuriat et le leadership ?<br \/>Pr\u00e9pare-toi \u00e0 transformer ta carri\u00e8re avec ESPAF Business School.<\/p>\t\t\t\t\t\t\t\t<\/div>\n\t\t\t\t<\/div>\n\t\t\t\t\t<\/div>\n\t\t\t\t<\/div>\n\t\t\t\t\t<\/div>\n\t\t\t\t<\/div>\n\t\t<div class=\"elementor-element elementor-element-65397ea content e-flex e-con-boxed e-con e-parent\" data-id=\"65397ea\" data-element_type=\"container\">\n\t\t\t\t\t<div class=\"e-con-inner\">\n\t\t\t\t<div class=\"elementor-element elementor-element-02abe67 elementor-widget elementor-widget-heading\" data-id=\"02abe67\" data-element_type=\"widget\" data-widget_type=\"heading.default\">\n\t\t\t\t<div class=\"elementor-widget-container\">\n\t\t\t\t\t<h2 class=\"elementor-heading-title elementor-size-default\">Les entretiens d\u2019admission<\/h2>\t\t\t\t<\/div>\n\t\t\t\t<\/div>\n\t\t\t\t<div class=\"elementor-element elementor-element-bc0c6e1 elementor-widget__width-initial elementor-widget elementor-widget-heading\" data-id=\"bc0c6e1\" data-element_type=\"widget\" data-widget_type=\"heading.default\">\n\t\t\t\t<div class=\"elementor-widget-container\">\n\t\t\t\t\t<p class=\"elementor-heading-title elementor-size-default\">Les entretiens d\u2019admission sont disponibles du lundi au vendredi,&nbsp;de&nbsp;9h&nbsp;\u00e0&nbsp;17h<\/p>\t\t\t\t<\/div>\n\t\t\t\t<\/div>\n\t\t\t\t<div class=\"elementor-element elementor-element-3b90f25 elementor-widget__width-initial elementor-widget elementor-widget-heading\" data-id=\"3b90f25\" data-element_type=\"widget\" data-widget_type=\"heading.default\">\n\t\t\t\t<div class=\"elementor-widget-container\">\n\t\t\t\t\t<p class=\"elementor-heading-title elementor-size-default\">Ces dates sont d\u00e9cisives pour rejoindre notre prochaine rentr\u00e9e. <br \/>\n Places limit\u00e9es \u2014 inscris-toi d\u00e8s maintenant !<\/p>\t\t\t\t<\/div>\n\t\t\t\t<\/div>\n\t\t\t\t\t<\/div>\n\t\t\t\t<\/div>\n\t\t<div class=\"elementor-element elementor-element-1015c80 e-flex e-con-boxed e-con e-parent\" data-id=\"1015c80\" data-element_type=\"container\" data-settings=\"{&quot;background_background&quot;:&quot;classic&quot;}\">\n\t\t\t\t\t<div class=\"e-con-inner\">\n\t\t\t\t<div class=\"elementor-element elementor-element-5750391 elementor-widget elementor-widget-heading\" data-id=\"5750391\" data-element_type=\"widget\" data-widget_type=\"heading.default\">\n\t\t\t\t<div class=\"elementor-widget-container\">\n\t\t\t\t\t<h2 class=\"elementor-heading-title elementor-size-default\">FORMULAIRE D'ADMISSION\n<\/h2>\t\t\t\t<\/div>\n\t\t\t\t<\/div>\n\t\t\t\t<div class=\"elementor-element elementor-element-caffe71 elementor-widget__width-initial elementor-widget elementor-widget-text-editor\" data-id=\"caffe71\" data-element_type=\"widget\" data-widget_type=\"text-editor.default\">\n\t\t\t\t<div class=\"elementor-widget-container\">\n\t\t\t\t\t\t\t\t\t<div class=\"sc-b964c8ef-3 eoyvYH tally-block tally-block-text tally-block-ae5f5582-4996-400c-bb1b-500a15998de3\"><div class=\"sc-6991af84-0 jRJRAl tally-text\"><div class=\"sc-b964c8ef-3 empxbn tally-block tally-block-text tally-block-a2c4e21b-6ee6-4b60-9317-95fafd9655dd\" data-block-type=\"TEXT\" data-block-id=\"a2c4e21b-6ee6-4b60-9317-95fafd9655dd\"><div class=\"sc-6991af84-0 gfcnQt tally-text\">Pour faire une demande d\u2019admission en ligne, veuillez remplir le formulaire suivant<\/div><\/div><\/div><\/div>\t\t\t\t\t\t\t\t<\/div>\n\t\t\t\t<\/div>\n\t\t\t\t<div class=\"elementor-element elementor-element-768be1d elementor-widget elementor-widget-agena-contactform\" data-id=\"768be1d\" data-element_type=\"widget\" data-widget_type=\"agena-contactform.default\">\n\t\t\t\t<div class=\"elementor-widget-container\">\n\t\t\t\t\t\n<div class=\"wpcf7 no-js\" id=\"wpcf7-f8309-o1\" lang=\"fr-FR\" dir=\"ltr\" data-wpcf7-id=\"8309\">\n<div class=\"screen-reader-response\"><p role=\"status\" aria-live=\"polite\" aria-atomic=\"true\"><\/p> <ul><\/ul><\/div>\n<form action=\"\/en\/wp-json\/wp\/v2\/pages\/8178#wpcf7-f8309-o1\" method=\"post\" class=\"wpcf7-form init\" aria-label=\"Formulaire de contact\" enctype=\"multipart\/form-data\" novalidate=\"novalidate\" data-status=\"init\">\n<fieldset class=\"hidden-fields-container\"><input type=\"hidden\" name=\"_wpcf7\" value=\"8309\" \/><input type=\"hidden\" name=\"_wpcf7_version\" value=\"6.1.4\" \/><input type=\"hidden\" name=\"_wpcf7_locale\" value=\"fr_FR\" \/><input type=\"hidden\" name=\"_wpcf7_unit_tag\" value=\"wpcf7-f8309-o1\" \/><input type=\"hidden\" name=\"_wpcf7_container_post\" value=\"0\" \/><input type=\"hidden\" name=\"_wpcf7_posted_data_hash\" value=\"\" \/>\n<\/fieldset>\n<!-- Identit\u00e9 du Candidat -->\n<h3 class=\"form-section-title\">Identit\u00e9 du Candidat\n<\/h3>\n<div class=\"row\">\n\t<div class=\"column-50\">\n\t\t<p><span class=\"wpcf7-form-control-wrap\" data-name=\"nom\"><input size=\"40\" maxlength=\"400\" class=\"wpcf7-form-control wpcf7-text wpcf7-validates-as-required\" aria-required=\"true\" aria-invalid=\"false\" placeholder=\"Nom *\" value=\"\" type=\"text\" name=\"nom\" \/><\/span>\n\t\t<\/p>\n\t<\/div>\n\t<div class=\"column-50\">\n\t\t<p><span class=\"wpcf7-form-control-wrap\" data-name=\"prenom\"><input size=\"40\" maxlength=\"400\" class=\"wpcf7-form-control wpcf7-text wpcf7-validates-as-required\" aria-required=\"true\" aria-invalid=\"false\" placeholder=\"Pr\u00e9nom *\" value=\"\" type=\"text\" name=\"prenom\" \/><\/span>\n\t\t<\/p>\n\t<\/div>\n\t<div class=\"column-50\">\n\t\t<p><span class=\"wpcf7-form-control-wrap\" data-name=\"email\"><input size=\"40\" maxlength=\"400\" class=\"wpcf7-form-control wpcf7-email wpcf7-validates-as-required wpcf7-text wpcf7-validates-as-email\" aria-required=\"true\" aria-invalid=\"false\" placeholder=\"E-mail *\" value=\"\" type=\"email\" name=\"email\" \/><\/span>\n\t\t<\/p>\n\t<\/div>\n\t<div class=\"column-50\">\n\t\t<p><span class=\"wpcf7-form-control-wrap\" data-name=\"telephone\"><input size=\"40\" maxlength=\"400\" class=\"wpcf7-form-control wpcf7-tel wpcf7-validates-as-required wpcf7-text wpcf7-validates-as-tel\" aria-required=\"true\" aria-invalid=\"false\" placeholder=\"Num\u00e9ro de T\u00e9l\u00e9phone *\" value=\"\" type=\"tel\" name=\"telephone\" \/><\/span>\n\t\t<\/p>\n\t<\/div>\n\t<div class=\"column-50\">\n\t\t<p><span class=\"wpcf7-form-control-wrap\" data-name=\"date-naissance\"><input size=\"40\" maxlength=\"400\" class=\"wpcf7-form-control wpcf7-text wpcf7-validates-as-required\" aria-required=\"true\" aria-invalid=\"false\" placeholder=\"Date de Naissance *\" value=\"\" type=\"text\" name=\"date-naissance\" \/><\/span>\n\t\t<\/p>\n\t<\/div>\n\t<div class=\"column-50\">\n\t\t<p><span class=\"wpcf7-form-control-wrap\" data-name=\"lieu-naissance\"><input size=\"40\" maxlength=\"400\" class=\"wpcf7-form-control wpcf7-text wpcf7-validates-as-required\" aria-required=\"true\" aria-invalid=\"false\" placeholder=\"Lieu de Naissance *\" value=\"\" type=\"text\" name=\"lieu-naissance\" \/><\/span>\n\t\t<\/p>\n\t<\/div>\n\t<div class=\"column-50\">\n\t\t<p><span class=\"wpcf7-form-control-wrap\" data-name=\"adresse\"><input size=\"40\" maxlength=\"400\" class=\"wpcf7-form-control wpcf7-text wpcf7-validates-as-required\" aria-required=\"true\" aria-invalid=\"false\" placeholder=\"Adresse Postale *\" value=\"\" type=\"text\" name=\"adresse\" \/><\/span>\n\t\t<\/p>\n\t<\/div>\n\t<div class=\"column-50\">\n\t\t<p><span class=\"wpcf7-form-control-wrap\" data-name=\"gouvernorat\"><input size=\"40\" maxlength=\"400\" class=\"wpcf7-form-control wpcf7-text wpcf7-validates-as-required\" aria-required=\"true\" aria-invalid=\"false\" placeholder=\"Gouvernorat *\" value=\"\" type=\"text\" name=\"gouvernorat\" \/><\/span>\n\t\t<\/p>\n\t<\/div>\n\t<div class=\"column-50\">\n\t\t<p><span class=\"wpcf7-form-control-wrap\" data-name=\"pays\"><input size=\"40\" maxlength=\"400\" class=\"wpcf7-form-control wpcf7-text\" aria-invalid=\"false\" placeholder=\"Pays\" value=\"\" type=\"text\" name=\"pays\" \/><\/span>\n\t\t<\/p>\n\t<\/div>\n\t<div class=\"column-50\">\n\t\t<p><span class=\"wpcf7-form-control-wrap\" data-name=\"situation-candidat\"><select class=\"wpcf7-form-control wpcf7-select wpcf7-validates-as-required\" aria-required=\"true\" aria-invalid=\"false\" name=\"situation-candidat\"><option value=\"\u00c9tudiant\">\u00c9tudiant<\/option><option value=\"Dipl\u00f4m\u00e9\">Dipl\u00f4m\u00e9<\/option><option value=\"Autre\">Autre<\/option><\/select><\/span>\n\t\t<\/p>\n\t<\/div>\n<\/div>\n\n<!-- \u00c9tablissement -->\n<h3 class=\"form-section-title\">\u00c9tablissement\n<\/h3>\n<div class=\"row\">\n\t<div class=\"column-50\">\n\t\t<p><span class=\"wpcf7-form-control-wrap\" data-name=\"lycee\"><input size=\"40\" maxlength=\"400\" class=\"wpcf7-form-control wpcf7-text wpcf7-validates-as-required\" aria-required=\"true\" aria-invalid=\"false\" placeholder=\"Nom du Lyc\u00e9e *\" value=\"\" type=\"text\" name=\"lycee\" \/><\/span>\n\t\t<\/p>\n\t<\/div>\n\t<div class=\"column-50\">\n\t\t<p><span class=\"wpcf7-form-control-wrap\" data-name=\"annee-bac\"><input size=\"40\" maxlength=\"400\" class=\"wpcf7-form-control wpcf7-text wpcf7-validates-as-required\" aria-required=\"true\" aria-invalid=\"false\" placeholder=\"Ann\u00e9e de l&#039;obtention du Baccalaur\u00e9at *\" value=\"\" type=\"text\" name=\"annee-bac\" \/><\/span>\n\t\t<\/p>\n\t<\/div>\n\t<div class=\"column-50\">\n\t\t<p><span class=\"wpcf7-form-control-wrap\" data-name=\"moyenne-bac\"><input size=\"40\" maxlength=\"400\" class=\"wpcf7-form-control wpcf7-text wpcf7-validates-as-required\" aria-required=\"true\" aria-invalid=\"false\" placeholder=\"Moyenne du Baccalaur\u00e9at *\" value=\"\" type=\"text\" name=\"moyenne-bac\" \/><\/span>\n\t\t<\/p>\n\t<\/div>\n\t<div class=\"column-50\">\n\t\t<p><span class=\"wpcf7-form-control-wrap\" data-name=\"specialite\"><select class=\"wpcf7-form-control wpcf7-select wpcf7-validates-as-required\" aria-required=\"true\" aria-invalid=\"false\" name=\"specialite\"><option value=\"Sciences\">Sciences<\/option><option value=\"Lettres\">Lettres<\/option><option value=\"\u00c9conomie\">\u00c9conomie<\/option><option value=\"Techniques\">Techniques<\/option><option value=\"Informatique\">Informatique<\/option><\/select><\/span>\n\t\t<\/p>\n\t<\/div>\n<\/div>\n\n<!-- Formation Universitaire -->\n<h3 class=\"form-section-title\">Formation Universitaire\n<\/h3>\n<div class=\"row\">\n\t<div class=\"column-100\">\n\t\t<p><span class=\"wpcf7-form-control-wrap\" data-name=\"formation-souhaitee\"><input size=\"40\" maxlength=\"400\" class=\"wpcf7-form-control wpcf7-text wpcf7-validates-as-required\" aria-required=\"true\" aria-invalid=\"false\" placeholder=\"Formation Souhait\u00e9e *\" value=\"\" type=\"text\" name=\"formation-souhaitee\" \/><\/span>\n\t\t<\/p>\n\t<\/div>\n\t<div class=\"column-100\">\n\t\t<p><span class=\"wpcf7-form-control-wrap\" data-name=\"source-espa\"><select class=\"wpcf7-form-control wpcf7-select wpcf7-validates-as-required\" aria-required=\"true\" aria-invalid=\"false\" name=\"source-espa\"><option value=\"\">Comment avez-vous connu ESPAF Business School ?<\/option><option value=\"Facebook\">Facebook<\/option><option value=\"Instagram\">Instagram<\/option><option value=\"LinkedIn\">LinkedIn<\/option><option value=\"Google\">Google<\/option><option value=\"Famille \/ Ami\">Famille \/ Ami<\/option><option value=\"Radio\">Radio<\/option><option value=\"\u00c9v\u00e9nement\">\u00c9v\u00e9nement<\/option><\/select><\/span>\n\t\t<\/p>\n\t<\/div>\n\t<div class=\"column-100\">\n\t\t<p><span class=\"wpcf7-form-control-wrap\" data-name=\"pourquoi-espa\"><textarea cols=\"40\" rows=\"10\" maxlength=\"2000\" class=\"wpcf7-form-control wpcf7-textarea\" aria-invalid=\"false\" placeholder=\"Pourquoi avez-vous choisi l\u2019ESPAF Business School ?\" name=\"pourquoi-espa\"><\/textarea><\/span>\n\t\t<\/p>\n\t<\/div>\n\t<div class=\"column-100\">\n\t\t<p><span class=\"wpcf7-form-control-wrap\" data-name=\"attentes-espa\"><textarea cols=\"40\" rows=\"10\" maxlength=\"2000\" class=\"wpcf7-form-control wpcf7-textarea\" aria-invalid=\"false\" placeholder=\"Qu\u2019attendez-vous de l\u2019ESPAF Business School ?\" name=\"attentes-espa\"><\/textarea><\/span>\n\t\t<\/p>\n\t<\/div>\n\n <!-- Fichiers -->\n\t<div class=\"column-100 file-upload\">\n\t\t<p>Pi\u00e8ce d\u2019identit\u00e9 avec photo :\n\t\t<\/p>\n\t\t<p><span class=\"wpcf7-form-control-wrap\" data-name=\"piece-identite\"><input size=\"40\" class=\"wpcf7-form-control wpcf7-file wpcf7-validates-as-required\" accept=\".jpg,.jpeg,.png,.pdf\" aria-required=\"true\" aria-invalid=\"false\" type=\"file\" name=\"piece-identite\" \/><\/span>\n\t\t<\/p>\n\t<\/div>\n\t<div class=\"column-100 file-upload\">\n\t\t<p>Attestation du BAC ou Dipl\u00f4me de Licence :\n\t\t<\/p>\n\t\t<p><span class=\"wpcf7-form-control-wrap\" data-name=\"attestation-bac\"><input size=\"40\" class=\"wpcf7-form-control wpcf7-file wpcf7-validates-as-required\" accept=\".jpg,.jpeg,.png,.pdf\" aria-required=\"true\" aria-invalid=\"false\" type=\"file\" name=\"attestation-bac\" \/><\/span>\n\t\t<\/p>\n\t<\/div>\n\t<div class=\"column-100 file-upload\">\n\t\t<p>Relev\u00e9 de notes :\n\t\t<\/p>\n\t\t<p><span class=\"wpcf7-form-control-wrap\" data-name=\"releve-notes\"><input size=\"40\" class=\"wpcf7-form-control wpcf7-file wpcf7-validates-as-required\" accept=\".jpg,.jpeg,.png,.pdf\" aria-required=\"true\" aria-invalid=\"false\" type=\"file\" name=\"releve-notes\" \/><\/span>\n\t\t<\/p>\n\t<\/div>\n\t<div class=\"column-100\">\n\t\t<p><span class=\"wpcf7-form-control-wrap\" data-name=\"rgpd\"><span class=\"wpcf7-form-control wpcf7-acceptance\"><span class=\"wpcf7-list-item\"><label><input type=\"checkbox\" name=\"rgpd\" value=\"1\" aria-invalid=\"false\" \/><span class=\"wpcf7-list-item-label\">J\u2019accepte la politique de confidentialit\u00e9.<\/span><\/label><\/span><\/span><\/span>\n\t\t<\/p>\n\t<\/div>\n\t<div class=\"submit-btn column-100\">\n\t\t<p><input class=\"wpcf7-form-control wpcf7-submit has-spinner\" type=\"submit\" value=\"Submit\" \/>\n\t\t<\/p>\n\t<\/div>\n<\/div>\n<style>\n\/* Hide native file input *\/\n.file-upload input[type=\"file\"] {\n display: none;\n}\n\n\/* Custom file input style *\/\n.file-upload {\n position: relative;\n display: block;\n border: 1px dashed #00CFFF;\n border-radius: 25px;\n padding: 30px;\n text-align: center;\n color: #ffffff;\n font-size: 16px;\n cursor: pointer;\n background-color: transparent;\n margin-bottom: 20px;\n transition: border-color 0.3s;\n}\n\n\/* Hover effect *\/\n.file-upload:hover {\n border-color: #00aacc;\n color: #ffffff;\n}\n\n\/* Optional: style when a file is selected (JS can add this class) *\/\n.file-upload.has-file {\n border-style: solid;\n background-color: rgba(0, 207, 255, 0.1);\n}\n\n.form-section-title {\n font-size: 20px;\n font-weight: 700;\n color: #ffffff; \/* white *\/\n margin-top: 20px;\n}\n\n\/* Input, Select & Textarea Styling *\/\ninput[type=\"text\"],\ninput[type=\"email\"],\ninput[type=\"tel\"],\ninput[type=\"date\"],\nselect, \ntextarea {\n background-color: transparent !important;\n border: 1px solid #00CFFF;\n border-radius: 25px;\n padding: 14px 20px;\n font-size: 16px;\n color: #ffffff !important;\n width: 100%;\n box-sizing: border-box;\n}\n\ninput[type=\"text\"]:focus,\ninput[type=\"email\"]:focus,\ninput[type=\"tel\"]:focus,\ninput[type=\"date\"]:focus,\nselect:focus, \ntextarea:focus {\n border: 1px solid #00CFFF;\n color: #ffffff !important;\n}\n\n\/* White placeholder text *\/\ninput::placeholder,\ntextarea::placeholder,\nselect:invalid {\n color: #ffffff !important;\n opacity: 1;\n}\n\n\/* Select field caret styling *\/\nselect {\n color: #ffffff !important;\n border: solid 1px #00CFFF !important;\n}\n\nselect option {\n color: #333 !important;\n}\n\n\/* Checkbox label *\/\n.wpcf7-acceptance label {\n color: #A8A8A8;\n}\n\n.submit-btn button i {\n margin-left: 8px;\n}\n\n.wpcf7-response-output {\n border: none;\n color: #46b450;\n font-weight: bolder;\n}\n<\/style>\n<p><script>\ndocument.addEventListener('DOMContentLoaded', function () {\n document.querySelectorAll('.file-upload').forEach(wrapper => {\n const fileInput = wrapper.querySelector('input[type=\"file\"]');\n\n wrapper.addEventListener('click', () => {\n fileInput.click();\n });\n\n fileInput.addEventListener('change', () => {\n if (fileInput.files.length > 0) {\n wrapper.classList.add('has-file');\n wrapper.textContent = fileInput.files[0].name;\n }\n });\n });\n});\n<\/script>\n<\/p><div class=\"wpcf7-response-output\" aria-hidden=\"true\"><\/div>\n<\/form>\n<\/div>\n\t\t\t\t<\/div>\n\t\t\t\t<\/div>\n\t\t\t\t\t<\/div>\n\t\t\t\t<\/div>\n\t\t\t\t<\/div>\n\t\t","protected":false},"excerpt":{"rendered":"<p>C\u2019est le moment de passer \u00e0 l\u2019action ! ESPAF BUSINESS SCHOOL INT\u00c8GRE L\u2019EXCELLENCE Tu veux rejoindre une \u00e9cole tourn\u00e9e vers l\u2019avenir, l\u2019entrepreneuriat et le leadership ?Pr\u00e9pare-toi \u00e0 transformer ta carri\u00e8re avec ESPAF Business School. Les entretiens d\u2019admission Les entretiens d\u2019admission sont disponibles du lundi au vendredi,&nbsp;de&nbsp;9h&nbsp;\u00e0&nbsp;17h Ces dates sont d\u00e9cisives pour rejoindre notre prochaine rentr\u00e9e. [&hellip;]<\/p>\n","protected":false},"author":1,"featured_media":0,"parent":0,"menu_order":0,"comment_status":"closed","ping_status":"closed","template":"","meta":{"footnotes":""},"class_list":["post-8178","page","type-page","status-publish","hentry"],"_links":{"self":[{"href":"https:\/\/espaf-businessschool.com\/en\/wp-json\/wp\/v2\/pages\/8178","targetHints":{"allow":["GET"]}}],"collection":[{"href":"https:\/\/espaf-businessschool.com\/en\/wp-json\/wp\/v2\/pages"}],"about":[{"href":"https:\/\/espaf-businessschool.com\/en\/wp-json\/wp\/v2\/types\/page"}],"author":[{"embeddable":true,"href":"https:\/\/espaf-businessschool.com\/en\/wp-json\/wp\/v2\/users\/1"}],"replies":[{"embeddable":true,"href":"https:\/\/espaf-businessschool.com\/en\/wp-json\/wp\/v2\/comments?post=8178"}],"version-history":[{"count":43,"href":"https:\/\/espaf-businessschool.com\/en\/wp-json\/wp\/v2\/pages\/8178\/revisions"}],"predecessor-version":[{"id":8629,"href":"https:\/\/espaf-businessschool.com\/en\/wp-json\/wp\/v2\/pages\/8178\/revisions\/8629"}],"wp:attachment":[{"href":"https:\/\/espaf-businessschool.com\/en\/wp-json\/wp\/v2\/media?parent=8178"}],"curies":[{"name":"wp","href":"https:\/\/api.w.org\/{rel}","templated":true}]}}